{"id":1070,"date":"2023-03-21T19:28:02","date_gmt":"2023-03-21T19:28:02","guid":{"rendered":"https:\/\/ravex.com.br\/marketplace\/?page_id=1070"},"modified":"2023-03-21T19:28:05","modified_gmt":"2023-03-21T19:28:05","slug":"agregados-2","status":"publish","type":"page","link":"https:\/\/ravex.com.br\/marketplace\/agregados-2\/","title":{"rendered":"Agregados"},"content":{"rendered":"\n<section class=\"wp-block-uagb-section uagb-section__wrap uagb-section__background-none uagb-block-30b217b9\"><div class=\"uagb-section__overlay\"><\/div><div class=\"uagb-section__inner-wrap\">\t\t\t\t<div class = \"wp-block-uagb-cf7-styler uagb-cf7-styler__outer-wrap uagb-block-52c4d196   \">\n\t\t\t\t\t<div class = \"uagb-cf7-styler__align-left uagb-cf7-styler__field-style-box uagb-cf7-styler__btn-align-left uagb-cf7-styler__btn-align-tablet- uagb-cf7-styler__btn-align-mobile- uagb-cf7-styler__highlight-style-default uagb-cf7-styler__check-style-enabled\">\n\t\t\t\t\t\n<div class=\"wpcf7 no-js\" id=\"wpcf7-f948-o1\" lang=\"en-US\" dir=\"ltr\" data-wpcf7-id=\"948\">\n<div class=\"screen-reader-response\"><p role=\"status\" aria-live=\"polite\" aria-atomic=\"true\"><\/p> <ul><\/ul><\/div>\n<form action=\"\/marketplace\/wp-json\/wp\/v2\/pages\/1070#wpcf7-f948-o1\" method=\"post\" class=\"wpcf7-form init\" aria-label=\"Contact form\" novalidate=\"novalidate\" data-status=\"init\">\n<fieldset class=\"hidden-fields-container\"><input type=\"hidden\" name=\"_wpcf7\" value=\"948\" \/><input type=\"hidden\" name=\"_wpcf7_version\" value=\"6.1.5\" \/><input type=\"hidden\" name=\"_wpcf7_locale\" value=\"en_US\" \/><input type=\"hidden\" name=\"_wpcf7_unit_tag\" value=\"wpcf7-f948-o1\" \/><input type=\"hidden\" name=\"_wpcf7_container_post\" value=\"0\" \/><input type=\"hidden\" name=\"_wpcf7_posted_data_hash\" value=\"\" \/>\n<\/fieldset>\n<p>\n<div class=\"wpcf7-response-output\" aria-hidden=\"true\"><\/div>\n<\/p>\n<p class=\"ozy-half-input\"><span class=\"wpcf7-form-control-wrap\" data-name=\"your-name\"><input size=\"40\" maxlength=\"400\" class=\"wpcf7-form-control wpcf7-text wpcf7-validates-as-required\" aria-required=\"true\" aria-invalid=\"false\" placeholder=\"Nome\" value=\"\" type=\"text\" name=\"your-name\" \/><\/span>\n<\/p>\n<p class=\"ozy-half-input-last\"><span class=\"wpcf7-form-control-wrap\" data-name=\"your-tel\"><input size=\"40\" maxlength=\"400\" class=\"wpcf7-form-control wpcf7-tel wpcf7-validates-as-required wpcf7-text wpcf7-validates-as-tel\" aria-required=\"true\" aria-invalid=\"false\" placeholder=\"Telefone\" value=\"\" type=\"tel\" name=\"your-tel\" \/><\/span>\n<\/p>\n<p class=\"ozy-full-input\"><span class=\"wpcf7-form-control-wrap\" data-name=\"your-email\"><input size=\"40\" maxlength=\"400\" class=\"wpcf7-form-control wpcf7-email wpcf7-validates-as-required wpcf7-text wpcf7-validates-as-email\" aria-required=\"true\" aria-invalid=\"false\" placeholder=\"E-mail\" value=\"\" type=\"email\" name=\"your-email\" \/><\/span>\n<\/p>\n<p class=\"ozy-half-input\"><span class=\"wpcf7-form-control-wrap\" data-name=\"your-name1\"><input size=\"40\" maxlength=\"400\" class=\"wpcf7-form-control wpcf7-text wpcf7-validates-as-required\" aria-required=\"true\" aria-invalid=\"false\" placeholder=\"Empresa\" value=\"\" type=\"text\" name=\"your-name1\" \/><\/span>\n<\/p>\n<p class=\"ozy-half-input\"><span class=\"wpcf7-form-control-wrap\" data-name=\"menu-442\"><select class=\"wpcf7-form-control wpcf7-select wpcf7-validates-as-required\" aria-required=\"true\" aria-invalid=\"false\" name=\"menu-442\"><option value=\"Qual o transportador\">Qual o transportador<\/option><option value=\"Seara\">Seara<\/option><option value=\"Friboy\">Friboy<\/option><option value=\"Vigor\">Vigor<\/option><\/select><\/span>\n<\/p>\n<p class=\"ozy-half-input\"><span class=\"wpcf7-form-control-wrap\" data-name=\"menu-443\"><select class=\"wpcf7-form-control wpcf7-select wpcf7-validates-as-required\" aria-required=\"true\" aria-invalid=\"false\" name=\"menu-443\"><option value=\"Qual o estilo da opera\u00e7\u00e3o\">Qual o estilo da opera\u00e7\u00e3o<\/option><option value=\"Log\u00edstico\">Log\u00edstico<\/option><option value=\"Risco\">Risco<\/option><\/select><\/span>\n<\/p>\n<p style=\"color:#00000\"> Ao informar meus dados, eu concordo com a Pol\u00edtica de Privacidade e com os Termos de Uso.\n<\/p>\n<p><input class=\"wpcf7-form-control wpcf7-submit has-spinner\" type=\"submit\" value=\"Consulte valores\" \/>\n<\/p>\n<style>\ninput[type=\"text\"],\ninput[type=\"email\"],\ninput[type=\"tel\"],\ninput[type=\"file\"],\n.wpcf7-form textarea,\n#wpcf7-f110-p40-o1 > form > p > span > input{\n background: #fff;\n border: 1px solid lightgray !important;\n padding: 10px !important;\n border-radius: 10px !important;\n -moz-border-radius: 10px;\n -webkit-border-radius: 10px;\n font-size: 12px;\n}\n.ozy-half-input select {\n background: #fff;\n border: 1px solid lightgray !important;\n padding: 10px !important;\n border-radius: 10px !important;\n -moz-border-radius: 10px;\n -webkit-border-radius: 10px;\n font-size: 12px;\n}\n<\/style><p style=\"display: none !important;\" class=\"akismet-fields-container\" data-prefix=\"_wpcf7_ak_\"><label>&#916;<textarea name=\"_wpcf7_ak_hp_textarea\" cols=\"45\" rows=\"8\" maxlength=\"100\"><\/textarea><\/label><input type=\"hidden\" id=\"ak_js_1\" name=\"_wpcf7_ak_js\" value=\"239\"\/><script>document.getElementById( \"ak_js_1\" ).setAttribute( \"value\", ( new Date() ).getTime() );<\/script><\/p>\n<\/form>\n<\/div>\n\t\t\t\t\t<\/div>\n\t\t\t\t<\/div>\n\t\t\t\t<\/div><\/section>\n","protected":false},"excerpt":{"rendered":"","protected":false},"author":1,"featured_media":0,"parent":0,"menu_order":0,"comment_status":"closed","ping_status":"closed","template":"","meta":{"_eb_attr":"","_crdt_document":"","_uag_custom_page_level_css":"","site-sidebar-layout":"default","site-content-layout":"default","ast-global-header-display":"","ast-main-header-display":"","ast-hfb-above-header-display":"","ast-hfb-below-header-display":"","ast-hfb-mobile-header-display":"","site-post-title":"disabled","ast-breadcrumbs-content":"","ast-featured-img":"","footer-sml-layout":"","theme-transparent-header-meta":"","adv-header-id-meta":"","stick-header-meta":"","header-above-stick-meta":"","header-main-stick-meta":"","header-below-stick-meta":"","footnotes":""},"class_list":["post-1070","page","type-page","status-publish","hentry"],"gutengeek_image_src":{"full":false,"thumbnail":false,"medium":false,"medium_large":false,"large":false,"1536x1536":false,"2048x2048":false,"trp-custom-language-flag":false,"woocommerce_thumbnail":false,"woocommerce_single":false,"woocommerce_gallery_thumbnail":false},"gutengeek_author":{"display_name":"admin","author_link":"https:\/\/ravex.com.br\/marketplace\/author\/admin\/"},"gutengeek_total_comments":0,"gutengeek_excerpt":null,"_gutengeek_post_settings":"","yoast_head":"<!-- This site is optimized with the Yoast SEO plugin v27.4 - https:\/\/yoast.com\/product\/yoast-seo-wordpress\/ -->\n<title>Agregados -<\/title>\n<meta name=\"description\" content=\"Loja Ravex, dedicada para trazer acessibilidade e agilidade at\u00e9 nossos clientes, a inova\u00e7\u00e3o e modernidade chegou at\u00e9 o mundo log\u00edstico, risco e agro!\" \/>\n<meta name=\"robots\" content=\"index, follow, max-snippet:-1, max-image-preview:large, max-video-preview:-1\" \/>\n<link rel=\"canonical\" href=\"https:\/\/ravex.com.br\/marketplace\/agregados-2\/\" \/>\n<meta property=\"og:locale\" content=\"pt_BR\" \/>\n<meta property=\"og:type\" content=\"article\" \/>\n<meta property=\"og:title\" content=\"Agregados -\" \/>\n<meta property=\"og:description\" content=\"Loja Ravex, dedicada para trazer acessibilidade e agilidade at\u00e9 nossos clientes, a inova\u00e7\u00e3o e modernidade chegou at\u00e9 o mundo log\u00edstico, risco e agro!\" \/>\n<meta property=\"og:url\" content=\"https:\/\/ravex.com.br\/marketplace\/agregados-2\/\" \/>\n<meta property=\"article:modified_time\" content=\"2023-03-21T19:28:05+00:00\" \/>\n<meta name=\"twitter:card\" content=\"summary_large_image\" \/>\n<script type=\"application\/ld+json\" class=\"yoast-schema-graph\">{\"@context\":\"https:\\\/\\\/schema.org\",\"@graph\":[{\"@type\":\"WebPage\",\"@id\":\"https:\\\/\\\/ravex.com.br\\\/marketplace\\\/agregados-2\\\/\",\"url\":\"https:\\\/\\\/ravex.com.br\\\/marketplace\\\/agregados-2\\\/\",\"name\":\"Agregados -\",\"isPartOf\":{\"@id\":\"https:\\\/\\\/ravex.com.br\\\/marketplace\\\/#website\"},\"datePublished\":\"2023-03-21T19:28:02+00:00\",\"dateModified\":\"2023-03-21T19:28:05+00:00\",\"description\":\"Loja Ravex, dedicada para trazer acessibilidade e agilidade at\u00e9 nossos clientes, a inova\u00e7\u00e3o e modernidade chegou at\u00e9 o mundo log\u00edstico, risco e agro!\",\"breadcrumb\":{\"@id\":\"https:\\\/\\\/ravex.com.br\\\/marketplace\\\/agregados-2\\\/#breadcrumb\"},\"inLanguage\":\"pt-BR\",\"potentialAction\":[{\"@type\":\"ReadAction\",\"target\":[\"https:\\\/\\\/ravex.com.br\\\/marketplace\\\/agregados-2\\\/\"]}]},{\"@type\":\"BreadcrumbList\",\"@id\":\"https:\\\/\\\/ravex.com.br\\\/marketplace\\\/agregados-2\\\/#breadcrumb\",\"itemListElement\":[{\"@type\":\"ListItem\",\"position\":1,\"name\":\"In\u00edcio\",\"item\":\"https:\\\/\\\/ravex.com.br\\\/marketplace\\\/\"},{\"@type\":\"ListItem\",\"position\":2,\"name\":\"Agregados\"}]},{\"@type\":\"WebSite\",\"@id\":\"https:\\\/\\\/ravex.com.br\\\/marketplace\\\/#website\",\"url\":\"https:\\\/\\\/ravex.com.br\\\/marketplace\\\/\",\"name\":\"Loja da Ravex\",\"description\":\"Ravex\",\"publisher\":{\"@id\":\"https:\\\/\\\/ravex.com.br\\\/marketplace\\\/#organization\"},\"alternateName\":\"Loja para transportadoras e embarcadores\",\"potentialAction\":[{\"@type\":\"SearchAction\",\"target\":{\"@type\":\"EntryPoint\",\"urlTemplate\":\"https:\\\/\\\/ravex.com.br\\\/marketplace\\\/?s={search_term_string}\"},\"query-input\":{\"@type\":\"PropertyValueSpecification\",\"valueRequired\":true,\"valueName\":\"search_term_string\"}}],\"inLanguage\":\"pt-BR\"},{\"@type\":\"Organization\",\"@id\":\"https:\\\/\\\/ravex.com.br\\\/marketplace\\\/#organization\",\"name\":\"Ravex\",\"alternateName\":\"Ravex Equipamentos\",\"url\":\"https:\\\/\\\/ravex.com.br\\\/marketplace\\\/\",\"logo\":{\"@type\":\"ImageObject\",\"inLanguage\":\"pt-BR\",\"@id\":\"https:\\\/\\\/ravex.com.br\\\/marketplace\\\/#\\\/schema\\\/logo\\\/image\\\/\",\"url\":\"https:\\\/\\\/ravex.com.br\\\/marketplace\\\/wp-content\\\/uploads\\\/2022\\\/05\\\/cropped-cropped-Logo-Ravex-Vetor.png\",\"contentUrl\":\"https:\\\/\\\/ravex.com.br\\\/marketplace\\\/wp-content\\\/uploads\\\/2022\\\/05\\\/cropped-cropped-Logo-Ravex-Vetor.png\",\"width\":1799,\"height\":523,\"caption\":\"Ravex\"},\"image\":{\"@id\":\"https:\\\/\\\/ravex.com.br\\\/marketplace\\\/#\\\/schema\\\/logo\\\/image\\\/\"},\"sameAs\":[\"https:\\\/\\\/www.linkedin.com\\\/company\\\/ravexbrasil\"]}]}<\/script>\n<!-- \/ Yoast SEO plugin. -->","yoast_head_json":{"title":"Agregados -","description":"Loja Ravex, dedicada para trazer acessibilidade e agilidade at\u00e9 nossos clientes, a inova\u00e7\u00e3o e modernidade chegou at\u00e9 o mundo log\u00edstico, risco e agro!","robots":{"index":"index","follow":"follow","max-snippet":"max-snippet:-1","max-image-preview":"max-image-preview:large","max-video-preview":"max-video-preview:-1"},"canonical":"https:\/\/ravex.com.br\/marketplace\/agregados-2\/","og_locale":"pt_BR","og_type":"article","og_title":"Agregados -","og_description":"Loja Ravex, dedicada para trazer acessibilidade e agilidade at\u00e9 nossos clientes, a inova\u00e7\u00e3o e modernidade chegou at\u00e9 o mundo log\u00edstico, risco e agro!","og_url":"https:\/\/ravex.com.br\/marketplace\/agregados-2\/","article_modified_time":"2023-03-21T19:28:05+00:00","twitter_card":"summary_large_image","schema":{"@context":"https:\/\/schema.org","@graph":[{"@type":"WebPage","@id":"https:\/\/ravex.com.br\/marketplace\/agregados-2\/","url":"https:\/\/ravex.com.br\/marketplace\/agregados-2\/","name":"Agregados -","isPartOf":{"@id":"https:\/\/ravex.com.br\/marketplace\/#website"},"datePublished":"2023-03-21T19:28:02+00:00","dateModified":"2023-03-21T19:28:05+00:00","description":"Loja Ravex, dedicada para trazer acessibilidade e agilidade at\u00e9 nossos clientes, a inova\u00e7\u00e3o e modernidade chegou at\u00e9 o mundo log\u00edstico, risco e agro!","breadcrumb":{"@id":"https:\/\/ravex.com.br\/marketplace\/agregados-2\/#breadcrumb"},"inLanguage":"pt-BR","potentialAction":[{"@type":"ReadAction","target":["https:\/\/ravex.com.br\/marketplace\/agregados-2\/"]}]},{"@type":"BreadcrumbList","@id":"https:\/\/ravex.com.br\/marketplace\/agregados-2\/#breadcrumb","itemListElement":[{"@type":"ListItem","position":1,"name":"In\u00edcio","item":"https:\/\/ravex.com.br\/marketplace\/"},{"@type":"ListItem","position":2,"name":"Agregados"}]},{"@type":"WebSite","@id":"https:\/\/ravex.com.br\/marketplace\/#website","url":"https:\/\/ravex.com.br\/marketplace\/","name":"Loja da Ravex","description":"Ravex","publisher":{"@id":"https:\/\/ravex.com.br\/marketplace\/#organization"},"alternateName":"Loja para transportadoras e embarcadores","potentialAction":[{"@type":"SearchAction","target":{"@type":"EntryPoint","urlTemplate":"https:\/\/ravex.com.br\/marketplace\/?s={search_term_string}"},"query-input":{"@type":"PropertyValueSpecification","valueRequired":true,"valueName":"search_term_string"}}],"inLanguage":"pt-BR"},{"@type":"Organization","@id":"https:\/\/ravex.com.br\/marketplace\/#organization","name":"Ravex","alternateName":"Ravex Equipamentos","url":"https:\/\/ravex.com.br\/marketplace\/","logo":{"@type":"ImageObject","inLanguage":"pt-BR","@id":"https:\/\/ravex.com.br\/marketplace\/#\/schema\/logo\/image\/","url":"https:\/\/ravex.com.br\/marketplace\/wp-content\/uploads\/2022\/05\/cropped-cropped-Logo-Ravex-Vetor.png","contentUrl":"https:\/\/ravex.com.br\/marketplace\/wp-content\/uploads\/2022\/05\/cropped-cropped-Logo-Ravex-Vetor.png","width":1799,"height":523,"caption":"Ravex"},"image":{"@id":"https:\/\/ravex.com.br\/marketplace\/#\/schema\/logo\/image\/"},"sameAs":["https:\/\/www.linkedin.com\/company\/ravexbrasil"]}]}},"uagb_featured_image_src":{"full":false,"thumbnail":false,"medium":false,"medium_large":false,"large":false,"1536x1536":false,"2048x2048":false,"trp-custom-language-flag":false,"woocommerce_thumbnail":false,"woocommerce_single":false,"woocommerce_gallery_thumbnail":false},"uagb_author_info":{"display_name":"admin","author_link":"https:\/\/ravex.com.br\/marketplace\/author\/admin\/"},"uagb_comment_info":0,"uagb_excerpt":null,"jetpack_sharing_enabled":true,"_links":{"self":[{"href":"https:\/\/ravex.com.br\/marketplace\/wp-json\/wp\/v2\/pages\/1070","targetHints":{"allow":["GET"]}}],"collection":[{"href":"https:\/\/ravex.com.br\/marketplace\/wp-json\/wp\/v2\/pages"}],"about":[{"href":"https:\/\/ravex.com.br\/marketplace\/wp-json\/wp\/v2\/types\/page"}],"author":[{"embeddable":true,"href":"https:\/\/ravex.com.br\/marketplace\/wp-json\/wp\/v2\/users\/1"}],"replies":[{"embeddable":true,"href":"https:\/\/ravex.com.br\/marketplace\/wp-json\/wp\/v2\/comments?post=1070"}],"version-history":[{"count":1,"href":"https:\/\/ravex.com.br\/marketplace\/wp-json\/wp\/v2\/pages\/1070\/revisions"}],"predecessor-version":[{"id":1071,"href":"https:\/\/ravex.com.br\/marketplace\/wp-json\/wp\/v2\/pages\/1070\/revisions\/1071"}],"wp:attachment":[{"href":"https:\/\/ravex.com.br\/marketplace\/wp-json\/wp\/v2\/media?parent=1070"}],"curies":[{"name":"wp","href":"https:\/\/api.w.org\/{rel}","templated":true}]}}