{"id":305,"date":"2022-05-24T11:53:40","date_gmt":"2022-05-24T11:53:40","guid":{"rendered":"https:\/\/ravex.com.br\/marketplace\/affiliate-home\/affiliate-login\/"},"modified":"2022-05-24T12:10:24","modified_gmt":"2022-05-24T12:10:24","slug":"affiliate-login","status":"publish","type":"page","link":"https:\/\/ravex.com.br\/marketplace\/affiliate-home\/affiliate-login\/","title":{"rendered":"Login de Afiliado"},"content":{"rendered":"\n<section class=\"wp-block-uagb-section uagb-section__wrap uagb-section__background-undefined uagb-block-37e3f2da\"><div class=\"uagb-section__overlay\"><\/div><div class=\"uagb-section__inner-wrap\">\n<p class=\"wp-block-paragraph\"><div class=\"wpam-login-form\"><form name=\"loginform\" id=\"loginform\" action=\"https:\/\/ravex.com.br\/marketplace\/wp-login.php\" method=\"post\"><p class=\"login-username\">\n\t\t\t\t<label for=\"user_login\">Email Address<\/label>\n\t\t\t\t<input type=\"text\" name=\"log\" id=\"user_login\" autocomplete=\"username\" class=\"input\" value=\"\" size=\"20\" \/>\n\t\t\t<\/p><p class=\"login-password\">\n\t\t\t\t<label for=\"user_pass\">Senha<\/label>\n\t\t\t\t<input type=\"password\" name=\"pwd\" id=\"user_pass\" autocomplete=\"current-password\" spellcheck=\"false\" class=\"input\" value=\"\" size=\"20\" \/>\n\t\t\t<\/p><p class=\"login-remember\"><label><input name=\"rememberme\" type=\"checkbox\" id=\"rememberme\" value=\"forever\" \/> Lembrar-me<\/label><\/p><p class=\"login-submit\">\n\t\t\t\t<input type=\"submit\" name=\"wp-submit\" id=\"wp-submit\" class=\"button button-primary\" value=\"Acessar\" \/>\n\t\t\t\t<input type=\"hidden\" name=\"redirect_to\" value=\"https:\/\/ravex.com.br\/marketplace\/affiliate-home\/\" \/>\n\t\t\t<\/p><\/form><div class=\"wpam-lost-password\"><a href=\"https:\/\/ravex.com.br\/marketplace\/minha-conta\/lost-password\/\" title=\"Senha Achados e Perdidos\">Perdeu a Senha ?<\/a><\/div><\/div><\/p>\n<\/div><\/section>\n","protected":false},"excerpt":{"rendered":"","protected":false},"author":1,"featured_media":0,"parent":303,"menu_order":0,"comment_status":"closed","ping_status":"closed","template":"","meta":{"_eb_attr":"","_crdt_document":"","_uag_custom_page_level_css":"","site-sidebar-layout":"default","site-content-layout":"default","ast-global-header-display":"","ast-main-header-display":"","ast-hfb-above-header-display":"","ast-hfb-below-header-display":"","ast-hfb-mobile-header-display":"","site-post-title":"","ast-breadcrumbs-content":"","ast-featured-img":"","footer-sml-layout":"","theme-transparent-header-meta":"","adv-header-id-meta":"","stick-header-meta":"","header-above-stick-meta":"","header-main-stick-meta":"","header-below-stick-meta":"","footnotes":""},"class_list":["post-305","page","type-page","status-publish","hentry"],"gutengeek_image_src":{"full":false,"thumbnail":false,"medium":false,"medium_large":false,"large":false,"1536x1536":false,"2048x2048":false,"trp-custom-language-flag":false,"woocommerce_thumbnail":false,"woocommerce_single":false,"woocommerce_gallery_thumbnail":false},"gutengeek_author":{"display_name":"admin","author_link":"https:\/\/ravex.com.br\/marketplace\/author\/admin\/"},"gutengeek_total_comments":0,"gutengeek_excerpt":null,"_gutengeek_post_settings":"","yoast_head":"<!-- This site is optimized with the Yoast SEO plugin v27.4 - https:\/\/yoast.com\/product\/yoast-seo-wordpress\/ -->\n<title>Login de Afiliado -<\/title>\n<meta name=\"description\" content=\"Loja Ravex, dedicada para trazer acessibilidade e agilidade at\u00e9 nossos clientes, a inova\u00e7\u00e3o e modernidade chegou at\u00e9 o mundo log\u00edstico, risco e agro!\" \/>\n<meta name=\"robots\" content=\"index, follow, max-snippet:-1, max-image-preview:large, max-video-preview:-1\" \/>\n<link rel=\"canonical\" href=\"https:\/\/ravex.com.br\/marketplace\/affiliate-home\/affiliate-login\/\" \/>\n<meta property=\"og:locale\" content=\"pt_BR\" \/>\n<meta property=\"og:type\" content=\"article\" \/>\n<meta property=\"og:title\" content=\"Login de Afiliado -\" \/>\n<meta property=\"og:description\" content=\"Loja Ravex, dedicada para trazer acessibilidade e agilidade at\u00e9 nossos clientes, a inova\u00e7\u00e3o e modernidade chegou at\u00e9 o mundo log\u00edstico, risco e agro!\" \/>\n<meta property=\"og:url\" content=\"https:\/\/ravex.com.br\/marketplace\/affiliate-home\/affiliate-login\/\" \/>\n<meta property=\"article:modified_time\" content=\"2022-05-24T12:10:24+00:00\" \/>\n<meta name=\"twitter:card\" content=\"summary_large_image\" \/>\n<script type=\"application\/ld+json\" class=\"yoast-schema-graph\">{\"@context\":\"https:\\\/\\\/schema.org\",\"@graph\":[{\"@type\":\"WebPage\",\"@id\":\"https:\\\/\\\/ravex.com.br\\\/marketplace\\\/affiliate-home\\\/affiliate-login\\\/\",\"url\":\"https:\\\/\\\/ravex.com.br\\\/marketplace\\\/affiliate-home\\\/affiliate-login\\\/\",\"name\":\"Login de Afiliado -\",\"isPartOf\":{\"@id\":\"https:\\\/\\\/ravex.com.br\\\/marketplace\\\/#website\"},\"datePublished\":\"2022-05-24T11:53:40+00:00\",\"dateModified\":\"2022-05-24T12:10:24+00:00\",\"description\":\"Loja Ravex, dedicada para trazer acessibilidade e agilidade at\u00e9 nossos clientes, a inova\u00e7\u00e3o e modernidade chegou at\u00e9 o mundo log\u00edstico, risco e agro!\",\"breadcrumb\":{\"@id\":\"https:\\\/\\\/ravex.com.br\\\/marketplace\\\/affiliate-home\\\/affiliate-login\\\/#breadcrumb\"},\"inLanguage\":\"pt-BR\",\"potentialAction\":[{\"@type\":\"ReadAction\",\"target\":[\"https:\\\/\\\/ravex.com.br\\\/marketplace\\\/affiliate-home\\\/affiliate-login\\\/\"]}]},{\"@type\":\"BreadcrumbList\",\"@id\":\"https:\\\/\\\/ravex.com.br\\\/marketplace\\\/affiliate-home\\\/affiliate-login\\\/#breadcrumb\",\"itemListElement\":[{\"@type\":\"ListItem\",\"position\":1,\"name\":\"In\u00edcio\",\"item\":\"https:\\\/\\\/ravex.com.br\\\/marketplace\\\/\"},{\"@type\":\"ListItem\",\"position\":2,\"name\":\"Loja afiliadas\",\"item\":\"https:\\\/\\\/ravex.com.br\\\/marketplace\\\/affiliate-home\\\/\"},{\"@type\":\"ListItem\",\"position\":3,\"name\":\"Login de Afiliado\"}]},{\"@type\":\"WebSite\",\"@id\":\"https:\\\/\\\/ravex.com.br\\\/marketplace\\\/#website\",\"url\":\"https:\\\/\\\/ravex.com.br\\\/marketplace\\\/\",\"name\":\"Loja da Ravex\",\"description\":\"Ravex\",\"publisher\":{\"@id\":\"https:\\\/\\\/ravex.com.br\\\/marketplace\\\/#organization\"},\"alternateName\":\"Loja para transportadoras e embarcadores\",\"potentialAction\":[{\"@type\":\"SearchAction\",\"target\":{\"@type\":\"EntryPoint\",\"urlTemplate\":\"https:\\\/\\\/ravex.com.br\\\/marketplace\\\/?s={search_term_string}\"},\"query-input\":{\"@type\":\"PropertyValueSpecification\",\"valueRequired\":true,\"valueName\":\"search_term_string\"}}],\"inLanguage\":\"pt-BR\"},{\"@type\":\"Organization\",\"@id\":\"https:\\\/\\\/ravex.com.br\\\/marketplace\\\/#organization\",\"name\":\"Ravex\",\"alternateName\":\"Ravex Equipamentos\",\"url\":\"https:\\\/\\\/ravex.com.br\\\/marketplace\\\/\",\"logo\":{\"@type\":\"ImageObject\",\"inLanguage\":\"pt-BR\",\"@id\":\"https:\\\/\\\/ravex.com.br\\\/marketplace\\\/#\\\/schema\\\/logo\\\/image\\\/\",\"url\":\"https:\\\/\\\/ravex.com.br\\\/marketplace\\\/wp-content\\\/uploads\\\/2022\\\/05\\\/cropped-cropped-Logo-Ravex-Vetor.png\",\"contentUrl\":\"https:\\\/\\\/ravex.com.br\\\/marketplace\\\/wp-content\\\/uploads\\\/2022\\\/05\\\/cropped-cropped-Logo-Ravex-Vetor.png\",\"width\":1799,\"height\":523,\"caption\":\"Ravex\"},\"image\":{\"@id\":\"https:\\\/\\\/ravex.com.br\\\/marketplace\\\/#\\\/schema\\\/logo\\\/image\\\/\"},\"sameAs\":[\"https:\\\/\\\/www.linkedin.com\\\/company\\\/ravexbrasil\"]}]}<\/script>\n<!-- \/ Yoast SEO plugin. -->","yoast_head_json":{"title":"Login de Afiliado -","description":"Loja Ravex, dedicada para trazer acessibilidade e agilidade at\u00e9 nossos clientes, a inova\u00e7\u00e3o e modernidade chegou at\u00e9 o mundo log\u00edstico, risco e agro!","robots":{"index":"index","follow":"follow","max-snippet":"max-snippet:-1","max-image-preview":"max-image-preview:large","max-video-preview":"max-video-preview:-1"},"canonical":"https:\/\/ravex.com.br\/marketplace\/affiliate-home\/affiliate-login\/","og_locale":"pt_BR","og_type":"article","og_title":"Login de Afiliado -","og_description":"Loja Ravex, dedicada para trazer acessibilidade e agilidade at\u00e9 nossos clientes, a inova\u00e7\u00e3o e modernidade chegou at\u00e9 o mundo log\u00edstico, risco e agro!","og_url":"https:\/\/ravex.com.br\/marketplace\/affiliate-home\/affiliate-login\/","article_modified_time":"2022-05-24T12:10:24+00:00","twitter_card":"summary_large_image","schema":{"@context":"https:\/\/schema.org","@graph":[{"@type":"WebPage","@id":"https:\/\/ravex.com.br\/marketplace\/affiliate-home\/affiliate-login\/","url":"https:\/\/ravex.com.br\/marketplace\/affiliate-home\/affiliate-login\/","name":"Login de Afiliado -","isPartOf":{"@id":"https:\/\/ravex.com.br\/marketplace\/#website"},"datePublished":"2022-05-24T11:53:40+00:00","dateModified":"2022-05-24T12:10:24+00:00","description":"Loja Ravex, dedicada para trazer acessibilidade e agilidade at\u00e9 nossos clientes, a inova\u00e7\u00e3o e modernidade chegou at\u00e9 o mundo log\u00edstico, risco e agro!","breadcrumb":{"@id":"https:\/\/ravex.com.br\/marketplace\/affiliate-home\/affiliate-login\/#breadcrumb"},"inLanguage":"pt-BR","potentialAction":[{"@type":"ReadAction","target":["https:\/\/ravex.com.br\/marketplace\/affiliate-home\/affiliate-login\/"]}]},{"@type":"BreadcrumbList","@id":"https:\/\/ravex.com.br\/marketplace\/affiliate-home\/affiliate-login\/#breadcrumb","itemListElement":[{"@type":"ListItem","position":1,"name":"In\u00edcio","item":"https:\/\/ravex.com.br\/marketplace\/"},{"@type":"ListItem","position":2,"name":"Loja afiliadas","item":"https:\/\/ravex.com.br\/marketplace\/affiliate-home\/"},{"@type":"ListItem","position":3,"name":"Login de Afiliado"}]},{"@type":"WebSite","@id":"https:\/\/ravex.com.br\/marketplace\/#website","url":"https:\/\/ravex.com.br\/marketplace\/","name":"Loja da Ravex","description":"Ravex","publisher":{"@id":"https:\/\/ravex.com.br\/marketplace\/#organization"},"alternateName":"Loja para transportadoras e embarcadores","potentialAction":[{"@type":"SearchAction","target":{"@type":"EntryPoint","urlTemplate":"https:\/\/ravex.com.br\/marketplace\/?s={search_term_string}"},"query-input":{"@type":"PropertyValueSpecification","valueRequired":true,"valueName":"search_term_string"}}],"inLanguage":"pt-BR"},{"@type":"Organization","@id":"https:\/\/ravex.com.br\/marketplace\/#organization","name":"Ravex","alternateName":"Ravex Equipamentos","url":"https:\/\/ravex.com.br\/marketplace\/","logo":{"@type":"ImageObject","inLanguage":"pt-BR","@id":"https:\/\/ravex.com.br\/marketplace\/#\/schema\/logo\/image\/","url":"https:\/\/ravex.com.br\/marketplace\/wp-content\/uploads\/2022\/05\/cropped-cropped-Logo-Ravex-Vetor.png","contentUrl":"https:\/\/ravex.com.br\/marketplace\/wp-content\/uploads\/2022\/05\/cropped-cropped-Logo-Ravex-Vetor.png","width":1799,"height":523,"caption":"Ravex"},"image":{"@id":"https:\/\/ravex.com.br\/marketplace\/#\/schema\/logo\/image\/"},"sameAs":["https:\/\/www.linkedin.com\/company\/ravexbrasil"]}]}},"uagb_featured_image_src":{"full":false,"thumbnail":false,"medium":false,"medium_large":false,"large":false,"1536x1536":false,"2048x2048":false,"trp-custom-language-flag":false,"woocommerce_thumbnail":false,"woocommerce_single":false,"woocommerce_gallery_thumbnail":false},"uagb_author_info":{"display_name":"admin","author_link":"https:\/\/ravex.com.br\/marketplace\/author\/admin\/"},"uagb_comment_info":0,"uagb_excerpt":null,"jetpack_sharing_enabled":true,"_links":{"self":[{"href":"https:\/\/ravex.com.br\/marketplace\/wp-json\/wp\/v2\/pages\/305","targetHints":{"allow":["GET"]}}],"collection":[{"href":"https:\/\/ravex.com.br\/marketplace\/wp-json\/wp\/v2\/pages"}],"about":[{"href":"https:\/\/ravex.com.br\/marketplace\/wp-json\/wp\/v2\/types\/page"}],"author":[{"embeddable":true,"href":"https:\/\/ravex.com.br\/marketplace\/wp-json\/wp\/v2\/users\/1"}],"replies":[{"embeddable":true,"href":"https:\/\/ravex.com.br\/marketplace\/wp-json\/wp\/v2\/comments?post=305"}],"version-history":[{"count":1,"href":"https:\/\/ravex.com.br\/marketplace\/wp-json\/wp\/v2\/pages\/305\/revisions"}],"predecessor-version":[{"id":309,"href":"https:\/\/ravex.com.br\/marketplace\/wp-json\/wp\/v2\/pages\/305\/revisions\/309"}],"up":[{"embeddable":true,"href":"https:\/\/ravex.com.br\/marketplace\/wp-json\/wp\/v2\/pages\/303"}],"wp:attachment":[{"href":"https:\/\/ravex.com.br\/marketplace\/wp-json\/wp\/v2\/media?parent=305"}],"curies":[{"name":"wp","href":"https:\/\/api.w.org\/{rel}","templated":true}]}}