{"id":94,"date":"2022-05-03T19:34:59","date_gmt":"2022-05-03T19:34:59","guid":{"rendered":"https:\/\/ravex.com.br\/marketplace\/?page_id=94"},"modified":"2022-05-18T18:55:10","modified_gmt":"2022-05-18T18:55:10","slug":"minha-conta","status":"publish","type":"page","link":"https:\/\/ravex.com.br\/marketplace\/minha-conta\/","title":{"rendered":"Minha Conta"},"content":{"rendered":"\n<section class=\"wp-block-uagb-section uagb-section__wrap uagb-section__background-undefined uagb-block-7a178463\"><div class=\"uagb-section__overlay\"><\/div><div class=\"uagb-section__inner-wrap\">\n<div style=\"height:127px\" aria-hidden=\"true\" class=\"wp-block-spacer\"><\/div>\n\n\n\n<p class=\"wp-block-paragraph\"><div class=\"woocommerce\"><\/div><\/p>\n\n\n\n<div style=\"height:100px\" aria-hidden=\"true\" class=\"wp-block-spacer\"><\/div>\n<\/div><\/section>\n","protected":false},"excerpt":{"rendered":"","protected":false},"author":1,"featured_media":0,"parent":0,"menu_order":0,"comment_status":"closed","ping_status":"closed","template":"","meta":{"_eb_attr":"","_crdt_document":"","_uag_custom_page_level_css":"","site-sidebar-layout":"default","site-content-layout":"default","ast-global-header-display":"","ast-main-header-display":"","ast-hfb-above-header-display":"","ast-hfb-below-header-display":"","ast-hfb-mobile-header-display":"","site-post-title":"disabled","ast-breadcrumbs-content":"","ast-featured-img":"","footer-sml-layout":"","theme-transparent-header-meta":"","adv-header-id-meta":"","stick-header-meta":"","header-above-stick-meta":"","header-main-stick-meta":"","header-below-stick-meta":"","footnotes":""},"class_list":["post-94","page","type-page","status-publish","hentry"],"gutengeek_image_src":{"full":false,"thumbnail":false,"medium":false,"medium_large":false,"large":false,"1536x1536":false,"2048x2048":false,"trp-custom-language-flag":false,"woocommerce_thumbnail":false,"woocommerce_single":false,"woocommerce_gallery_thumbnail":false},"gutengeek_author":{"display_name":"admin","author_link":"https:\/\/ravex.com.br\/marketplace\/author\/admin\/"},"gutengeek_total_comments":0,"gutengeek_excerpt":null,"_gutengeek_post_settings":"","yoast_head":"<!-- This site is optimized with the Yoast SEO plugin v27.4 - https:\/\/yoast.com\/product\/yoast-seo-wordpress\/ -->\n<title>Minha Conta -<\/title>\n<meta name=\"description\" content=\"Loja Ravex, dedicada para trazer acessibilidade e agilidade at\u00e9 nossos clientes, a inova\u00e7\u00e3o e modernidade chegou at\u00e9 o mundo log\u00edstico, risco e agro!\" \/>\n<meta name=\"robots\" content=\"index, follow, max-snippet:-1, max-image-preview:large, max-video-preview:-1\" \/>\n<link rel=\"canonical\" href=\"https:\/\/ravex.com.br\/marketplace\/minha-conta\/\" \/>\n<meta property=\"og:locale\" content=\"pt_BR\" \/>\n<meta property=\"og:type\" content=\"article\" \/>\n<meta property=\"og:title\" content=\"Minha Conta -\" \/>\n<meta property=\"og:description\" content=\"Loja Ravex, dedicada para trazer acessibilidade e agilidade at\u00e9 nossos clientes, a inova\u00e7\u00e3o e modernidade chegou at\u00e9 o mundo log\u00edstico, risco e agro!\" \/>\n<meta property=\"og:url\" content=\"https:\/\/ravex.com.br\/marketplace\/minha-conta\/\" \/>\n<meta property=\"article:modified_time\" content=\"2022-05-18T18:55:10+00:00\" \/>\n<meta name=\"twitter:card\" content=\"summary_large_image\" \/>\n<script type=\"application\/ld+json\" class=\"yoast-schema-graph\">{\"@context\":\"https:\\\/\\\/schema.org\",\"@graph\":[{\"@type\":\"WebPage\",\"@id\":\"https:\\\/\\\/ravex.com.br\\\/marketplace\\\/minha-conta\\\/\",\"url\":\"https:\\\/\\\/ravex.com.br\\\/marketplace\\\/minha-conta\\\/\",\"name\":\"Minha Conta -\",\"isPartOf\":{\"@id\":\"https:\\\/\\\/ravex.com.br\\\/marketplace\\\/#website\"},\"datePublished\":\"2022-05-03T19:34:59+00:00\",\"dateModified\":\"2022-05-18T18:55:10+00:00\",\"description\":\"Loja Ravex, dedicada para trazer acessibilidade e agilidade at\u00e9 nossos clientes, a inova\u00e7\u00e3o e modernidade chegou at\u00e9 o mundo log\u00edstico, risco e agro!\",\"breadcrumb\":{\"@id\":\"https:\\\/\\\/ravex.com.br\\\/marketplace\\\/minha-conta\\\/#breadcrumb\"},\"inLanguage\":\"pt-BR\",\"potentialAction\":[{\"@type\":\"ReadAction\",\"target\":[\"https:\\\/\\\/ravex.com.br\\\/marketplace\\\/minha-conta\\\/\"]}]},{\"@type\":\"BreadcrumbList\",\"@id\":\"https:\\\/\\\/ravex.com.br\\\/marketplace\\\/minha-conta\\\/#breadcrumb\",\"itemListElement\":[{\"@type\":\"ListItem\",\"position\":1,\"name\":\"In\u00edcio\",\"item\":\"https:\\\/\\\/ravex.com.br\\\/marketplace\\\/\"},{\"@type\":\"ListItem\",\"position\":2,\"name\":\"Minha Conta\"}]},{\"@type\":\"WebSite\",\"@id\":\"https:\\\/\\\/ravex.com.br\\\/marketplace\\\/#website\",\"url\":\"https:\\\/\\\/ravex.com.br\\\/marketplace\\\/\",\"name\":\"Loja da Ravex\",\"description\":\"Ravex\",\"publisher\":{\"@id\":\"https:\\\/\\\/ravex.com.br\\\/marketplace\\\/#organization\"},\"alternateName\":\"Loja para transportadoras e embarcadores\",\"potentialAction\":[{\"@type\":\"SearchAction\",\"target\":{\"@type\":\"EntryPoint\",\"urlTemplate\":\"https:\\\/\\\/ravex.com.br\\\/marketplace\\\/?s={search_term_string}\"},\"query-input\":{\"@type\":\"PropertyValueSpecification\",\"valueRequired\":true,\"valueName\":\"search_term_string\"}}],\"inLanguage\":\"pt-BR\"},{\"@type\":\"Organization\",\"@id\":\"https:\\\/\\\/ravex.com.br\\\/marketplace\\\/#organization\",\"name\":\"Ravex\",\"alternateName\":\"Ravex Equipamentos\",\"url\":\"https:\\\/\\\/ravex.com.br\\\/marketplace\\\/\",\"logo\":{\"@type\":\"ImageObject\",\"inLanguage\":\"pt-BR\",\"@id\":\"https:\\\/\\\/ravex.com.br\\\/marketplace\\\/#\\\/schema\\\/logo\\\/image\\\/\",\"url\":\"https:\\\/\\\/ravex.com.br\\\/marketplace\\\/wp-content\\\/uploads\\\/2022\\\/05\\\/cropped-cropped-Logo-Ravex-Vetor.png\",\"contentUrl\":\"https:\\\/\\\/ravex.com.br\\\/marketplace\\\/wp-content\\\/uploads\\\/2022\\\/05\\\/cropped-cropped-Logo-Ravex-Vetor.png\",\"width\":1799,\"height\":523,\"caption\":\"Ravex\"},\"image\":{\"@id\":\"https:\\\/\\\/ravex.com.br\\\/marketplace\\\/#\\\/schema\\\/logo\\\/image\\\/\"},\"sameAs\":[\"https:\\\/\\\/www.linkedin.com\\\/company\\\/ravexbrasil\"]}]}<\/script>\n<!-- \/ Yoast SEO plugin. -->","yoast_head_json":{"title":"Minha Conta -","description":"Loja Ravex, dedicada para trazer acessibilidade e agilidade at\u00e9 nossos clientes, a inova\u00e7\u00e3o e modernidade chegou at\u00e9 o mundo log\u00edstico, risco e agro!","robots":{"index":"index","follow":"follow","max-snippet":"max-snippet:-1","max-image-preview":"max-image-preview:large","max-video-preview":"max-video-preview:-1"},"canonical":"https:\/\/ravex.com.br\/marketplace\/minha-conta\/","og_locale":"pt_BR","og_type":"article","og_title":"Minha Conta -","og_description":"Loja Ravex, dedicada para trazer acessibilidade e agilidade at\u00e9 nossos clientes, a inova\u00e7\u00e3o e modernidade chegou at\u00e9 o mundo log\u00edstico, risco e agro!","og_url":"https:\/\/ravex.com.br\/marketplace\/minha-conta\/","article_modified_time":"2022-05-18T18:55:10+00:00","twitter_card":"summary_large_image","schema":{"@context":"https:\/\/schema.org","@graph":[{"@type":"WebPage","@id":"https:\/\/ravex.com.br\/marketplace\/minha-conta\/","url":"https:\/\/ravex.com.br\/marketplace\/minha-conta\/","name":"Minha Conta -","isPartOf":{"@id":"https:\/\/ravex.com.br\/marketplace\/#website"},"datePublished":"2022-05-03T19:34:59+00:00","dateModified":"2022-05-18T18:55:10+00:00","description":"Loja Ravex, dedicada para trazer acessibilidade e agilidade at\u00e9 nossos clientes, a inova\u00e7\u00e3o e modernidade chegou at\u00e9 o mundo log\u00edstico, risco e agro!","breadcrumb":{"@id":"https:\/\/ravex.com.br\/marketplace\/minha-conta\/#breadcrumb"},"inLanguage":"pt-BR","potentialAction":[{"@type":"ReadAction","target":["https:\/\/ravex.com.br\/marketplace\/minha-conta\/"]}]},{"@type":"BreadcrumbList","@id":"https:\/\/ravex.com.br\/marketplace\/minha-conta\/#breadcrumb","itemListElement":[{"@type":"ListItem","position":1,"name":"In\u00edcio","item":"https:\/\/ravex.com.br\/marketplace\/"},{"@type":"ListItem","position":2,"name":"Minha Conta"}]},{"@type":"WebSite","@id":"https:\/\/ravex.com.br\/marketplace\/#website","url":"https:\/\/ravex.com.br\/marketplace\/","name":"Loja da Ravex","description":"Ravex","publisher":{"@id":"https:\/\/ravex.com.br\/marketplace\/#organization"},"alternateName":"Loja para transportadoras e embarcadores","potentialAction":[{"@type":"SearchAction","target":{"@type":"EntryPoint","urlTemplate":"https:\/\/ravex.com.br\/marketplace\/?s={search_term_string}"},"query-input":{"@type":"PropertyValueSpecification","valueRequired":true,"valueName":"search_term_string"}}],"inLanguage":"pt-BR"},{"@type":"Organization","@id":"https:\/\/ravex.com.br\/marketplace\/#organization","name":"Ravex","alternateName":"Ravex Equipamentos","url":"https:\/\/ravex.com.br\/marketplace\/","logo":{"@type":"ImageObject","inLanguage":"pt-BR","@id":"https:\/\/ravex.com.br\/marketplace\/#\/schema\/logo\/image\/","url":"https:\/\/ravex.com.br\/marketplace\/wp-content\/uploads\/2022\/05\/cropped-cropped-Logo-Ravex-Vetor.png","contentUrl":"https:\/\/ravex.com.br\/marketplace\/wp-content\/uploads\/2022\/05\/cropped-cropped-Logo-Ravex-Vetor.png","width":1799,"height":523,"caption":"Ravex"},"image":{"@id":"https:\/\/ravex.com.br\/marketplace\/#\/schema\/logo\/image\/"},"sameAs":["https:\/\/www.linkedin.com\/company\/ravexbrasil"]}]}},"uagb_featured_image_src":{"full":false,"thumbnail":false,"medium":false,"medium_large":false,"large":false,"1536x1536":false,"2048x2048":false,"trp-custom-language-flag":false,"woocommerce_thumbnail":false,"woocommerce_single":false,"woocommerce_gallery_thumbnail":false},"uagb_author_info":{"display_name":"admin","author_link":"https:\/\/ravex.com.br\/marketplace\/author\/admin\/"},"uagb_comment_info":0,"uagb_excerpt":null,"jetpack_sharing_enabled":true,"_links":{"self":[{"href":"https:\/\/ravex.com.br\/marketplace\/wp-json\/wp\/v2\/pages\/94","targetHints":{"allow":["GET"]}}],"collection":[{"href":"https:\/\/ravex.com.br\/marketplace\/wp-json\/wp\/v2\/pages"}],"about":[{"href":"https:\/\/ravex.com.br\/marketplace\/wp-json\/wp\/v2\/types\/page"}],"author":[{"embeddable":true,"href":"https:\/\/ravex.com.br\/marketplace\/wp-json\/wp\/v2\/users\/1"}],"replies":[{"embeddable":true,"href":"https:\/\/ravex.com.br\/marketplace\/wp-json\/wp\/v2\/comments?post=94"}],"version-history":[{"count":5,"href":"https:\/\/ravex.com.br\/marketplace\/wp-json\/wp\/v2\/pages\/94\/revisions"}],"predecessor-version":[{"id":185,"href":"https:\/\/ravex.com.br\/marketplace\/wp-json\/wp\/v2\/pages\/94\/revisions\/185"}],"wp:attachment":[{"href":"https:\/\/ravex.com.br\/marketplace\/wp-json\/wp\/v2\/media?parent=94"}],"curies":[{"name":"wp","href":"https:\/\/api.w.org\/{rel}","templated":true}]}}