{"id":1191,"date":"2023-05-29T17:16:04","date_gmt":"2023-05-29T17:16:04","guid":{"rendered":"https:\/\/ravex.com.br\/marketplace\/?post_type=product&#038;p=1191"},"modified":"2025-02-12T13:58:03","modified_gmt":"2025-02-12T13:58:03","slug":"kit-ravex-seguranca-plus","status":"publish","type":"product","link":"https:\/\/ravex.com.br\/marketplace\/produto\/kit-ravex-seguranca-plus\/","title":{"rendered":"KIT Ravex Seguran\u00e7a Plus"},"content":{"rendered":"","protected":false},"excerpt":{"rendered":"<p>Esse \u00e9 um KIT desenvolvido para voc\u00ea ter uma seguran\u00e7a de primeira, em viagens em zona de risco, este kit te garante precau\u00e7\u00e3o mesmo ap\u00f3s qualquer incid\u00eancia, com o nosso bloqueio inteligente, um bloqueio progressivo do ve\u00edculo, que simula uma falha mec\u00e2nica no ve\u00edculo.<\/p>\n<p>Taxa de instala\u00e7\u00e3o cobrada apenas 1x.<\/p>\n","protected":false},"featured_media":1192,"comment_status":"open","ping_status":"closed","template":"","meta":{"_eb_attr":"","_crdt_document":"","_uag_custom_page_level_css":"","site-sidebar-layout":"default","site-content-layout":"default","ast-global-header-display":"","ast-main-header-display":"","ast-hfb-above-header-display":"","ast-hfb-below-header-display":"","ast-hfb-mobile-header-display":"","site-post-title":"","ast-breadcrumbs-content":"","ast-featured-img":"","footer-sml-layout":"","theme-transparent-header-meta":"default","adv-header-id-meta":"","stick-header-meta":"","header-above-stick-meta":"","header-main-stick-meta":"","header-below-stick-meta":""},"product_brand":[],"product_cat":[41],"product_tag":[],"class_list":{"0":"post-1191","1":"product","2":"type-product","3":"status-publish","4":"has-post-thumbnail","6":"product_cat-comodatos-risco","7":"desktop-align-left","8":"tablet-align-left","9":"mobile-align-left","11":"first","12":"outofstock","13":"shipping-taxable","14":"product-type-simple"},"yoast_head":"<!-- This site is optimized with the Yoast SEO plugin v27.4 - https:\/\/yoast.com\/product\/yoast-seo-wordpress\/ -->\n<title>KIT Ravex Seguran\u00e7a Plus -<\/title>\n<meta name=\"description\" content=\"Um produto Ravex, desenvolvido e elaborado para sua necessidade!\" \/>\n<meta name=\"robots\" content=\"index, follow, max-snippet:-1, max-image-preview:large, max-video-preview:-1\" \/>\n<link rel=\"canonical\" href=\"https:\/\/ravex.com.br\/marketplace\/produto\/kit-ravex-seguranca-plus\/\" \/>\n<meta property=\"og:locale\" content=\"pt_BR\" \/>\n<meta property=\"og:type\" content=\"article\" \/>\n<meta property=\"og:title\" content=\"KIT Ravex Seguran\u00e7a Plus -\" \/>\n<meta property=\"og:description\" content=\"Um produto Ravex, desenvolvido e elaborado para sua necessidade!\" \/>\n<meta property=\"og:url\" content=\"https:\/\/ravex.com.br\/marketplace\/produto\/kit-ravex-seguranca-plus\/\" \/>\n<meta property=\"article:modified_time\" content=\"2025-02-12T13:58:03+00:00\" \/>\n<meta property=\"og:image\" content=\"https:\/\/ravex.com.br\/marketplace\/wp-content\/uploads\/2023\/05\/Kit-Ravex-Basico-2-2.png\" \/>\n\t<meta property=\"og:image:width\" content=\"800\" \/>\n\t<meta property=\"og:image:height\" content=\"800\" \/>\n\t<meta property=\"og:image:type\" content=\"image\/png\" \/>\n<meta name=\"twitter:card\" content=\"summary_large_image\" \/>\n<script type=\"application\/ld+json\" class=\"yoast-schema-graph\">{\"@context\":\"https:\\\/\\\/schema.org\",\"@graph\":[{\"@type\":\"WebPage\",\"@id\":\"https:\\\/\\\/ravex.com.br\\\/marketplace\\\/produto\\\/kit-ravex-seguranca-plus\\\/\",\"url\":\"https:\\\/\\\/ravex.com.br\\\/marketplace\\\/produto\\\/kit-ravex-seguranca-plus\\\/\",\"name\":\"KIT Ravex Seguran\u00e7a Plus -\",\"isPartOf\":{\"@id\":\"https:\\\/\\\/ravex.com.br\\\/marketplace\\\/#website\"},\"primaryImageOfPage\":{\"@id\":\"https:\\\/\\\/ravex.com.br\\\/marketplace\\\/produto\\\/kit-ravex-seguranca-plus\\\/#primaryimage\"},\"image\":{\"@id\":\"https:\\\/\\\/ravex.com.br\\\/marketplace\\\/produto\\\/kit-ravex-seguranca-plus\\\/#primaryimage\"},\"thumbnailUrl\":\"https:\\\/\\\/ravex.com.br\\\/marketplace\\\/wp-content\\\/uploads\\\/2023\\\/05\\\/Kit-Ravex-Basico-2-2.png\",\"datePublished\":\"2023-05-29T17:16:04+00:00\",\"dateModified\":\"2025-02-12T13:58:03+00:00\",\"description\":\"Um produto Ravex, desenvolvido e elaborado para sua necessidade!\",\"breadcrumb\":{\"@id\":\"https:\\\/\\\/ravex.com.br\\\/marketplace\\\/produto\\\/kit-ravex-seguranca-plus\\\/#breadcrumb\"},\"inLanguage\":\"pt-BR\",\"potentialAction\":[{\"@type\":\"ReadAction\",\"target\":[\"https:\\\/\\\/ravex.com.br\\\/marketplace\\\/produto\\\/kit-ravex-seguranca-plus\\\/\"]}]},{\"@type\":\"ImageObject\",\"inLanguage\":\"pt-BR\",\"@id\":\"https:\\\/\\\/ravex.com.br\\\/marketplace\\\/produto\\\/kit-ravex-seguranca-plus\\\/#primaryimage\",\"url\":\"https:\\\/\\\/ravex.com.br\\\/marketplace\\\/wp-content\\\/uploads\\\/2023\\\/05\\\/Kit-Ravex-Basico-2-2.png\",\"contentUrl\":\"https:\\\/\\\/ravex.com.br\\\/marketplace\\\/wp-content\\\/uploads\\\/2023\\\/05\\\/Kit-Ravex-Basico-2-2.png\",\"width\":800,\"height\":800},{\"@type\":\"BreadcrumbList\",\"@id\":\"https:\\\/\\\/ravex.com.br\\\/marketplace\\\/produto\\\/kit-ravex-seguranca-plus\\\/#breadcrumb\",\"itemListElement\":[{\"@type\":\"ListItem\",\"position\":1,\"name\":\"In\u00edcio\",\"item\":\"https:\\\/\\\/ravex.com.br\\\/marketplace\\\/\"},{\"@type\":\"ListItem\",\"position\":2,\"name\":\"Loja\",\"item\":\"https:\\\/\\\/ravex.com.br\\\/marketplace\\\/loja-todos-os-produtos\\\/\"},{\"@type\":\"ListItem\",\"position\":3,\"name\":\"KIT Ravex Seguran\u00e7a Plus\"}]},{\"@type\":\"WebSite\",\"@id\":\"https:\\\/\\\/ravex.com.br\\\/marketplace\\\/#website\",\"url\":\"https:\\\/\\\/ravex.com.br\\\/marketplace\\\/\",\"name\":\"Loja da Ravex\",\"description\":\"Ravex\",\"publisher\":{\"@id\":\"https:\\\/\\\/ravex.com.br\\\/marketplace\\\/#organization\"},\"alternateName\":\"Loja para transportadoras e embarcadores\",\"potentialAction\":[{\"@type\":\"SearchAction\",\"target\":{\"@type\":\"EntryPoint\",\"urlTemplate\":\"https:\\\/\\\/ravex.com.br\\\/marketplace\\\/?s={search_term_string}\"},\"query-input\":{\"@type\":\"PropertyValueSpecification\",\"valueRequired\":true,\"valueName\":\"search_term_string\"}}],\"inLanguage\":\"pt-BR\"},{\"@type\":\"Organization\",\"@id\":\"https:\\\/\\\/ravex.com.br\\\/marketplace\\\/#organization\",\"name\":\"Ravex\",\"alternateName\":\"Ravex Equipamentos\",\"url\":\"https:\\\/\\\/ravex.com.br\\\/marketplace\\\/\",\"logo\":{\"@type\":\"ImageObject\",\"inLanguage\":\"pt-BR\",\"@id\":\"https:\\\/\\\/ravex.com.br\\\/marketplace\\\/#\\\/schema\\\/logo\\\/image\\\/\",\"url\":\"https:\\\/\\\/ravex.com.br\\\/marketplace\\\/wp-content\\\/uploads\\\/2022\\\/05\\\/cropped-cropped-Logo-Ravex-Vetor.png\",\"contentUrl\":\"https:\\\/\\\/ravex.com.br\\\/marketplace\\\/wp-content\\\/uploads\\\/2022\\\/05\\\/cropped-cropped-Logo-Ravex-Vetor.png\",\"width\":1799,\"height\":523,\"caption\":\"Ravex\"},\"image\":{\"@id\":\"https:\\\/\\\/ravex.com.br\\\/marketplace\\\/#\\\/schema\\\/logo\\\/image\\\/\"},\"sameAs\":[\"https:\\\/\\\/www.linkedin.com\\\/company\\\/ravexbrasil\"]}]}<\/script>\n<!-- \/ Yoast SEO plugin. -->","yoast_head_json":{"title":"KIT Ravex Seguran\u00e7a Plus -","description":"Um produto Ravex, desenvolvido e elaborado para sua necessidade!","robots":{"index":"index","follow":"follow","max-snippet":"max-snippet:-1","max-image-preview":"max-image-preview:large","max-video-preview":"max-video-preview:-1"},"canonical":"https:\/\/ravex.com.br\/marketplace\/produto\/kit-ravex-seguranca-plus\/","og_locale":"pt_BR","og_type":"article","og_title":"KIT Ravex Seguran\u00e7a Plus -","og_description":"Um produto Ravex, desenvolvido e elaborado para sua necessidade!","og_url":"https:\/\/ravex.com.br\/marketplace\/produto\/kit-ravex-seguranca-plus\/","article_modified_time":"2025-02-12T13:58:03+00:00","og_image":[{"width":800,"height":800,"url":"https:\/\/ravex.com.br\/marketplace\/wp-content\/uploads\/2023\/05\/Kit-Ravex-Basico-2-2.png","type":"image\/png"}],"twitter_card":"summary_large_image","schema":{"@context":"https:\/\/schema.org","@graph":[{"@type":"WebPage","@id":"https:\/\/ravex.com.br\/marketplace\/produto\/kit-ravex-seguranca-plus\/","url":"https:\/\/ravex.com.br\/marketplace\/produto\/kit-ravex-seguranca-plus\/","name":"KIT Ravex Seguran\u00e7a Plus -","isPartOf":{"@id":"https:\/\/ravex.com.br\/marketplace\/#website"},"primaryImageOfPage":{"@id":"https:\/\/ravex.com.br\/marketplace\/produto\/kit-ravex-seguranca-plus\/#primaryimage"},"image":{"@id":"https:\/\/ravex.com.br\/marketplace\/produto\/kit-ravex-seguranca-plus\/#primaryimage"},"thumbnailUrl":"https:\/\/ravex.com.br\/marketplace\/wp-content\/uploads\/2023\/05\/Kit-Ravex-Basico-2-2.png","datePublished":"2023-05-29T17:16:04+00:00","dateModified":"2025-02-12T13:58:03+00:00","description":"Um produto Ravex, desenvolvido e elaborado para sua necessidade!","breadcrumb":{"@id":"https:\/\/ravex.com.br\/marketplace\/produto\/kit-ravex-seguranca-plus\/#breadcrumb"},"inLanguage":"pt-BR","potentialAction":[{"@type":"ReadAction","target":["https:\/\/ravex.com.br\/marketplace\/produto\/kit-ravex-seguranca-plus\/"]}]},{"@type":"ImageObject","inLanguage":"pt-BR","@id":"https:\/\/ravex.com.br\/marketplace\/produto\/kit-ravex-seguranca-plus\/#primaryimage","url":"https:\/\/ravex.com.br\/marketplace\/wp-content\/uploads\/2023\/05\/Kit-Ravex-Basico-2-2.png","contentUrl":"https:\/\/ravex.com.br\/marketplace\/wp-content\/uploads\/2023\/05\/Kit-Ravex-Basico-2-2.png","width":800,"height":800},{"@type":"BreadcrumbList","@id":"https:\/\/ravex.com.br\/marketplace\/produto\/kit-ravex-seguranca-plus\/#breadcrumb","itemListElement":[{"@type":"ListItem","position":1,"name":"In\u00edcio","item":"https:\/\/ravex.com.br\/marketplace\/"},{"@type":"ListItem","position":2,"name":"Loja","item":"https:\/\/ravex.com.br\/marketplace\/loja-todos-os-produtos\/"},{"@type":"ListItem","position":3,"name":"KIT Ravex Seguran\u00e7a Plus"}]},{"@type":"WebSite","@id":"https:\/\/ravex.com.br\/marketplace\/#website","url":"https:\/\/ravex.com.br\/marketplace\/","name":"Loja da Ravex","description":"Ravex","publisher":{"@id":"https:\/\/ravex.com.br\/marketplace\/#organization"},"alternateName":"Loja para transportadoras e embarcadores","potentialAction":[{"@type":"SearchAction","target":{"@type":"EntryPoint","urlTemplate":"https:\/\/ravex.com.br\/marketplace\/?s={search_term_string}"},"query-input":{"@type":"PropertyValueSpecification","valueRequired":true,"valueName":"search_term_string"}}],"inLanguage":"pt-BR"},{"@type":"Organization","@id":"https:\/\/ravex.com.br\/marketplace\/#organization","name":"Ravex","alternateName":"Ravex Equipamentos","url":"https:\/\/ravex.com.br\/marketplace\/","logo":{"@type":"ImageObject","inLanguage":"pt-BR","@id":"https:\/\/ravex.com.br\/marketplace\/#\/schema\/logo\/image\/","url":"https:\/\/ravex.com.br\/marketplace\/wp-content\/uploads\/2022\/05\/cropped-cropped-Logo-Ravex-Vetor.png","contentUrl":"https:\/\/ravex.com.br\/marketplace\/wp-content\/uploads\/2022\/05\/cropped-cropped-Logo-Ravex-Vetor.png","width":1799,"height":523,"caption":"Ravex"},"image":{"@id":"https:\/\/ravex.com.br\/marketplace\/#\/schema\/logo\/image\/"},"sameAs":["https:\/\/www.linkedin.com\/company\/ravexbrasil"]}]}},"uagb_featured_image_src":{"full":["https:\/\/ravex.com.br\/marketplace\/wp-content\/uploads\/2023\/05\/Kit-Ravex-Basico-2-2.png",800,800,false],"thumbnail":["https:\/\/ravex.com.br\/marketplace\/wp-content\/uploads\/2023\/05\/Kit-Ravex-Basico-2-2-150x150.png",150,150,true],"medium":["https:\/\/ravex.com.br\/marketplace\/wp-content\/uploads\/2023\/05\/Kit-Ravex-Basico-2-2-300x300.png",300,300,true],"medium_large":["https:\/\/ravex.com.br\/marketplace\/wp-content\/uploads\/2023\/05\/Kit-Ravex-Basico-2-2-768x768.png",768,768,true],"large":["https:\/\/ravex.com.br\/marketplace\/wp-content\/uploads\/2023\/05\/Kit-Ravex-Basico-2-2.png",800,800,false],"1536x1536":["https:\/\/ravex.com.br\/marketplace\/wp-content\/uploads\/2023\/05\/Kit-Ravex-Basico-2-2.png",800,800,false],"2048x2048":["https:\/\/ravex.com.br\/marketplace\/wp-content\/uploads\/2023\/05\/Kit-Ravex-Basico-2-2.png",800,800,false],"trp-custom-language-flag":["https:\/\/ravex.com.br\/marketplace\/wp-content\/uploads\/2023\/05\/Kit-Ravex-Basico-2-2-12x12.png",12,12,true],"woocommerce_thumbnail":["https:\/\/ravex.com.br\/marketplace\/wp-content\/uploads\/2023\/05\/Kit-Ravex-Basico-2-2-300x300.png",300,300,true],"woocommerce_single":["https:\/\/ravex.com.br\/marketplace\/wp-content\/uploads\/2023\/05\/Kit-Ravex-Basico-2-2.png",800,800,false],"woocommerce_gallery_thumbnail":["https:\/\/ravex.com.br\/marketplace\/wp-content\/uploads\/2023\/05\/Kit-Ravex-Basico-2-2-100x100.png",100,100,true]},"uagb_author_info":{"display_name":"Equipe de Marketing","author_link":"https:\/\/ravex.com.br\/marketplace\/author\/"},"uagb_comment_info":0,"uagb_excerpt":"Esse \u00e9 um KIT desenvolvido para voc\u00ea ter uma seguran\u00e7a de primeira, em viagens em zona de risco, este kit te garante precau\u00e7\u00e3o mesmo ap\u00f3s qualquer incid\u00eancia, com o nosso bloqueio inteligente, um bloqueio progressivo do ve\u00edculo, que simula uma falha mec\u00e2nica no ve\u00edculo. Taxa de instala\u00e7\u00e3o cobrada apenas 1x.","jetpack_sharing_enabled":true,"_links":{"self":[{"href":"https:\/\/ravex.com.br\/marketplace\/wp-json\/wp\/v2\/product\/1191","targetHints":{"allow":["GET"]}}],"collection":[{"href":"https:\/\/ravex.com.br\/marketplace\/wp-json\/wp\/v2\/product"}],"about":[{"href":"https:\/\/ravex.com.br\/marketplace\/wp-json\/wp\/v2\/types\/product"}],"replies":[{"embeddable":true,"href":"https:\/\/ravex.com.br\/marketplace\/wp-json\/wp\/v2\/comments?post=1191"}],"wp:featuredmedia":[{"embeddable":true,"href":"https:\/\/ravex.com.br\/marketplace\/wp-json\/wp\/v2\/media\/1192"}],"wp:attachment":[{"href":"https:\/\/ravex.com.br\/marketplace\/wp-json\/wp\/v2\/media?parent=1191"}],"wp:term":[{"taxonomy":"product_brand","embeddable":true,"href":"https:\/\/ravex.com.br\/marketplace\/wp-json\/wp\/v2\/product_brand?post=1191"},{"taxonomy":"product_cat","embeddable":true,"href":"https:\/\/ravex.com.br\/marketplace\/wp-json\/wp\/v2\/product_cat?post=1191"},{"taxonomy":"product_tag","embeddable":true,"href":"https:\/\/ravex.com.br\/marketplace\/wp-json\/wp\/v2\/product_tag?post=1191"}],"curies":[{"name":"wp","href":"https:\/\/api.w.org\/{rel}","templated":true}]}}