{"id":205,"date":"2022-05-18T20:18:52","date_gmt":"2022-05-18T20:18:52","guid":{"rendered":"https:\/\/ravex.com.br\/marketplace\/?post_type=product&#038;p=205"},"modified":"2025-02-12T16:50:20","modified_gmt":"2025-02-12T16:50:20","slug":"isca-customizavel-ravex","status":"publish","type":"product","link":"https:\/\/ravex.com.br\/marketplace\/produto\/isca-customizavel-ravex\/","title":{"rendered":"Isca Customiz\u00e1vel Ravex"},"content":{"rendered":"<p><img loading=\"lazy\" decoding=\"async\" class=\"aligncenter size-full wp-image-887\" src=\"https:\/\/ravex.com.br\/marketplace\/wp-content\/uploads\/2022\/05\/isca-de-carga-customizavel-1.jpg\" alt=\"\" width=\"1015\" height=\"1920\" srcset=\"https:\/\/ravex.com.br\/marketplace\/wp-content\/uploads\/2022\/05\/isca-de-carga-customizavel-1.jpg 1015w, https:\/\/ravex.com.br\/marketplace\/wp-content\/uploads\/2022\/05\/isca-de-carga-customizavel-1-159x300.jpg 159w, https:\/\/ravex.com.br\/marketplace\/wp-content\/uploads\/2022\/05\/isca-de-carga-customizavel-1-541x1024.jpg 541w, https:\/\/ravex.com.br\/marketplace\/wp-content\/uploads\/2022\/05\/isca-de-carga-customizavel-1-768x1453.jpg 768w, https:\/\/ravex.com.br\/marketplace\/wp-content\/uploads\/2022\/05\/isca-de-carga-customizavel-1-812x1536.jpg 812w, https:\/\/ravex.com.br\/marketplace\/wp-content\/uploads\/2022\/05\/isca-de-carga-customizavel-1-800x1513.jpg 800w\" sizes=\"auto, (max-width: 1015px) 100vw, 1015px\" \/><\/p>\n","protected":false},"excerpt":{"rendered":"<p>Al\u00e9m da Isca customiz\u00e1vel te dar a liberdade de escolher o tipo de isca ideal para a opera\u00e7\u00e3o (Retorn\u00e1vel ou Descart\u00e1vel), voc\u00ea tamb\u00e9m pode customiz\u00e1-la em qualquer formato e com a menor placa do mercado, tendo a possibilidade de simular produtos.<\/p>\n<p>O Ravex Isca \u00e9 uma solu\u00e7\u00e3o completa, desenvolvida para o rastreamento e recupera\u00e7\u00f5es de cargas. Disponibiliza ao usu\u00e1rio a possibilidade de monitorar seu bem &#8211; atrav\u00e9s da tecnologia GPRS e RF.<\/p>\n","protected":false},"featured_media":640,"comment_status":"open","ping_status":"closed","template":"","meta":{"_eb_attr":"","_crdt_document":"","_uag_custom_page_level_css":"","site-sidebar-layout":"default","site-content-layout":"default","ast-global-header-display":"","ast-main-header-display":"","ast-hfb-above-header-display":"","ast-hfb-below-header-display":"","ast-hfb-mobile-header-display":"","site-post-title":"","ast-breadcrumbs-content":"","ast-featured-img":"","footer-sml-layout":"","theme-transparent-header-meta":"default","adv-header-id-meta":"","stick-header-meta":"","header-above-stick-meta":"","header-main-stick-meta":"","header-below-stick-meta":""},"product_brand":[],"product_cat":[19],"product_tag":[],"class_list":{"0":"post-205","1":"product","2":"type-product","3":"status-publish","4":"has-post-thumbnail","6":"product_cat-isca-de-carga","7":"desktop-align-left","8":"tablet-align-left","9":"mobile-align-left","11":"first","12":"outofstock","13":"shipping-taxable","14":"product-type-simple"},"yoast_head":"<!-- This site is optimized with the Yoast SEO plugin v27.4 - https:\/\/yoast.com\/product\/yoast-seo-wordpress\/ -->\n<title>Isca Customiz\u00e1vel Ravex -<\/title>\n<meta name=\"description\" content=\"Um produto Ravex, desenvolvido e elaborado para sua necessidade!\" \/>\n<meta name=\"robots\" content=\"index, follow, max-snippet:-1, max-image-preview:large, max-video-preview:-1\" \/>\n<link rel=\"canonical\" href=\"https:\/\/ravex.com.br\/marketplace\/produto\/isca-customizavel-ravex\/\" \/>\n<meta property=\"og:locale\" content=\"pt_BR\" \/>\n<meta property=\"og:type\" content=\"article\" \/>\n<meta property=\"og:title\" content=\"Isca Customiz\u00e1vel Ravex -\" \/>\n<meta property=\"og:description\" content=\"Um produto Ravex, desenvolvido e elaborado para sua necessidade!\" \/>\n<meta property=\"og:url\" content=\"https:\/\/ravex.com.br\/marketplace\/produto\/isca-customizavel-ravex\/\" \/>\n<meta property=\"article:modified_time\" content=\"2025-02-12T16:50:20+00:00\" \/>\n<meta property=\"og:image\" content=\"https:\/\/ravex.com.br\/marketplace\/wp-content\/uploads\/2022\/05\/PRODUTOS-MARKETPLACE-45.png\" \/>\n\t<meta property=\"og:image:width\" content=\"800\" \/>\n\t<meta property=\"og:image:height\" content=\"800\" \/>\n\t<meta property=\"og:image:type\" content=\"image\/png\" \/>\n<meta name=\"twitter:card\" content=\"summary_large_image\" \/>\n<meta name=\"twitter:label1\" content=\"Est. tempo de leitura\" \/>\n\t<meta name=\"twitter:data1\" content=\"1 minuto\" \/>\n<script type=\"application\/ld+json\" class=\"yoast-schema-graph\">{\"@context\":\"https:\\\/\\\/schema.org\",\"@graph\":[{\"@type\":\"WebPage\",\"@id\":\"https:\\\/\\\/ravex.com.br\\\/marketplace\\\/produto\\\/isca-customizavel-ravex\\\/\",\"url\":\"https:\\\/\\\/ravex.com.br\\\/marketplace\\\/produto\\\/isca-customizavel-ravex\\\/\",\"name\":\"Isca Customiz\u00e1vel Ravex -\",\"isPartOf\":{\"@id\":\"https:\\\/\\\/ravex.com.br\\\/marketplace\\\/#website\"},\"primaryImageOfPage\":{\"@id\":\"https:\\\/\\\/ravex.com.br\\\/marketplace\\\/produto\\\/isca-customizavel-ravex\\\/#primaryimage\"},\"image\":{\"@id\":\"https:\\\/\\\/ravex.com.br\\\/marketplace\\\/produto\\\/isca-customizavel-ravex\\\/#primaryimage\"},\"thumbnailUrl\":\"https:\\\/\\\/ravex.com.br\\\/marketplace\\\/wp-content\\\/uploads\\\/2022\\\/05\\\/PRODUTOS-MARKETPLACE-45.png\",\"datePublished\":\"2022-05-18T20:18:52+00:00\",\"dateModified\":\"2025-02-12T16:50:20+00:00\",\"description\":\"Um produto Ravex, desenvolvido e elaborado para sua necessidade!\",\"breadcrumb\":{\"@id\":\"https:\\\/\\\/ravex.com.br\\\/marketplace\\\/produto\\\/isca-customizavel-ravex\\\/#breadcrumb\"},\"inLanguage\":\"pt-BR\",\"potentialAction\":[{\"@type\":\"ReadAction\",\"target\":[\"https:\\\/\\\/ravex.com.br\\\/marketplace\\\/produto\\\/isca-customizavel-ravex\\\/\"]}]},{\"@type\":\"ImageObject\",\"inLanguage\":\"pt-BR\",\"@id\":\"https:\\\/\\\/ravex.com.br\\\/marketplace\\\/produto\\\/isca-customizavel-ravex\\\/#primaryimage\",\"url\":\"https:\\\/\\\/ravex.com.br\\\/marketplace\\\/wp-content\\\/uploads\\\/2022\\\/05\\\/PRODUTOS-MARKETPLACE-45.png\",\"contentUrl\":\"https:\\\/\\\/ravex.com.br\\\/marketplace\\\/wp-content\\\/uploads\\\/2022\\\/05\\\/PRODUTOS-MARKETPLACE-45.png\",\"width\":800,\"height\":800},{\"@type\":\"BreadcrumbList\",\"@id\":\"https:\\\/\\\/ravex.com.br\\\/marketplace\\\/produto\\\/isca-customizavel-ravex\\\/#breadcrumb\",\"itemListElement\":[{\"@type\":\"ListItem\",\"position\":1,\"name\":\"In\u00edcio\",\"item\":\"https:\\\/\\\/ravex.com.br\\\/marketplace\\\/\"},{\"@type\":\"ListItem\",\"position\":2,\"name\":\"Loja\",\"item\":\"https:\\\/\\\/ravex.com.br\\\/marketplace\\\/loja-todos-os-produtos\\\/\"},{\"@type\":\"ListItem\",\"position\":3,\"name\":\"Isca Customiz\u00e1vel Ravex\"}]},{\"@type\":\"WebSite\",\"@id\":\"https:\\\/\\\/ravex.com.br\\\/marketplace\\\/#website\",\"url\":\"https:\\\/\\\/ravex.com.br\\\/marketplace\\\/\",\"name\":\"Loja da Ravex\",\"description\":\"Ravex\",\"publisher\":{\"@id\":\"https:\\\/\\\/ravex.com.br\\\/marketplace\\\/#organization\"},\"alternateName\":\"Loja para transportadoras e embarcadores\",\"potentialAction\":[{\"@type\":\"SearchAction\",\"target\":{\"@type\":\"EntryPoint\",\"urlTemplate\":\"https:\\\/\\\/ravex.com.br\\\/marketplace\\\/?s={search_term_string}\"},\"query-input\":{\"@type\":\"PropertyValueSpecification\",\"valueRequired\":true,\"valueName\":\"search_term_string\"}}],\"inLanguage\":\"pt-BR\"},{\"@type\":\"Organization\",\"@id\":\"https:\\\/\\\/ravex.com.br\\\/marketplace\\\/#organization\",\"name\":\"Ravex\",\"alternateName\":\"Ravex Equipamentos\",\"url\":\"https:\\\/\\\/ravex.com.br\\\/marketplace\\\/\",\"logo\":{\"@type\":\"ImageObject\",\"inLanguage\":\"pt-BR\",\"@id\":\"https:\\\/\\\/ravex.com.br\\\/marketplace\\\/#\\\/schema\\\/logo\\\/image\\\/\",\"url\":\"https:\\\/\\\/ravex.com.br\\\/marketplace\\\/wp-content\\\/uploads\\\/2022\\\/05\\\/cropped-cropped-Logo-Ravex-Vetor.png\",\"contentUrl\":\"https:\\\/\\\/ravex.com.br\\\/marketplace\\\/wp-content\\\/uploads\\\/2022\\\/05\\\/cropped-cropped-Logo-Ravex-Vetor.png\",\"width\":1799,\"height\":523,\"caption\":\"Ravex\"},\"image\":{\"@id\":\"https:\\\/\\\/ravex.com.br\\\/marketplace\\\/#\\\/schema\\\/logo\\\/image\\\/\"},\"sameAs\":[\"https:\\\/\\\/www.linkedin.com\\\/company\\\/ravexbrasil\"]}]}<\/script>\n<!-- \/ Yoast SEO plugin. -->","yoast_head_json":{"title":"Isca Customiz\u00e1vel Ravex -","description":"Um produto Ravex, desenvolvido e elaborado para sua necessidade!","robots":{"index":"index","follow":"follow","max-snippet":"max-snippet:-1","max-image-preview":"max-image-preview:large","max-video-preview":"max-video-preview:-1"},"canonical":"https:\/\/ravex.com.br\/marketplace\/produto\/isca-customizavel-ravex\/","og_locale":"pt_BR","og_type":"article","og_title":"Isca Customiz\u00e1vel Ravex -","og_description":"Um produto Ravex, desenvolvido e elaborado para sua necessidade!","og_url":"https:\/\/ravex.com.br\/marketplace\/produto\/isca-customizavel-ravex\/","article_modified_time":"2025-02-12T16:50:20+00:00","og_image":[{"width":800,"height":800,"url":"https:\/\/ravex.com.br\/marketplace\/wp-content\/uploads\/2022\/05\/PRODUTOS-MARKETPLACE-45.png","type":"image\/png"}],"twitter_card":"summary_large_image","twitter_misc":{"Est. tempo de leitura":"1 minuto"},"schema":{"@context":"https:\/\/schema.org","@graph":[{"@type":"WebPage","@id":"https:\/\/ravex.com.br\/marketplace\/produto\/isca-customizavel-ravex\/","url":"https:\/\/ravex.com.br\/marketplace\/produto\/isca-customizavel-ravex\/","name":"Isca Customiz\u00e1vel Ravex -","isPartOf":{"@id":"https:\/\/ravex.com.br\/marketplace\/#website"},"primaryImageOfPage":{"@id":"https:\/\/ravex.com.br\/marketplace\/produto\/isca-customizavel-ravex\/#primaryimage"},"image":{"@id":"https:\/\/ravex.com.br\/marketplace\/produto\/isca-customizavel-ravex\/#primaryimage"},"thumbnailUrl":"https:\/\/ravex.com.br\/marketplace\/wp-content\/uploads\/2022\/05\/PRODUTOS-MARKETPLACE-45.png","datePublished":"2022-05-18T20:18:52+00:00","dateModified":"2025-02-12T16:50:20+00:00","description":"Um produto Ravex, desenvolvido e elaborado para sua necessidade!","breadcrumb":{"@id":"https:\/\/ravex.com.br\/marketplace\/produto\/isca-customizavel-ravex\/#breadcrumb"},"inLanguage":"pt-BR","potentialAction":[{"@type":"ReadAction","target":["https:\/\/ravex.com.br\/marketplace\/produto\/isca-customizavel-ravex\/"]}]},{"@type":"ImageObject","inLanguage":"pt-BR","@id":"https:\/\/ravex.com.br\/marketplace\/produto\/isca-customizavel-ravex\/#primaryimage","url":"https:\/\/ravex.com.br\/marketplace\/wp-content\/uploads\/2022\/05\/PRODUTOS-MARKETPLACE-45.png","contentUrl":"https:\/\/ravex.com.br\/marketplace\/wp-content\/uploads\/2022\/05\/PRODUTOS-MARKETPLACE-45.png","width":800,"height":800},{"@type":"BreadcrumbList","@id":"https:\/\/ravex.com.br\/marketplace\/produto\/isca-customizavel-ravex\/#breadcrumb","itemListElement":[{"@type":"ListItem","position":1,"name":"In\u00edcio","item":"https:\/\/ravex.com.br\/marketplace\/"},{"@type":"ListItem","position":2,"name":"Loja","item":"https:\/\/ravex.com.br\/marketplace\/loja-todos-os-produtos\/"},{"@type":"ListItem","position":3,"name":"Isca Customiz\u00e1vel Ravex"}]},{"@type":"WebSite","@id":"https:\/\/ravex.com.br\/marketplace\/#website","url":"https:\/\/ravex.com.br\/marketplace\/","name":"Loja da Ravex","description":"Ravex","publisher":{"@id":"https:\/\/ravex.com.br\/marketplace\/#organization"},"alternateName":"Loja para transportadoras e embarcadores","potentialAction":[{"@type":"SearchAction","target":{"@type":"EntryPoint","urlTemplate":"https:\/\/ravex.com.br\/marketplace\/?s={search_term_string}"},"query-input":{"@type":"PropertyValueSpecification","valueRequired":true,"valueName":"search_term_string"}}],"inLanguage":"pt-BR"},{"@type":"Organization","@id":"https:\/\/ravex.com.br\/marketplace\/#organization","name":"Ravex","alternateName":"Ravex Equipamentos","url":"https:\/\/ravex.com.br\/marketplace\/","logo":{"@type":"ImageObject","inLanguage":"pt-BR","@id":"https:\/\/ravex.com.br\/marketplace\/#\/schema\/logo\/image\/","url":"https:\/\/ravex.com.br\/marketplace\/wp-content\/uploads\/2022\/05\/cropped-cropped-Logo-Ravex-Vetor.png","contentUrl":"https:\/\/ravex.com.br\/marketplace\/wp-content\/uploads\/2022\/05\/cropped-cropped-Logo-Ravex-Vetor.png","width":1799,"height":523,"caption":"Ravex"},"image":{"@id":"https:\/\/ravex.com.br\/marketplace\/#\/schema\/logo\/image\/"},"sameAs":["https:\/\/www.linkedin.com\/company\/ravexbrasil"]}]}},"uagb_featured_image_src":{"full":["https:\/\/ravex.com.br\/marketplace\/wp-content\/uploads\/2022\/05\/PRODUTOS-MARKETPLACE-45.png",800,800,false],"thumbnail":["https:\/\/ravex.com.br\/marketplace\/wp-content\/uploads\/2022\/05\/PRODUTOS-MARKETPLACE-45-150x150.png",150,150,true],"medium":["https:\/\/ravex.com.br\/marketplace\/wp-content\/uploads\/2022\/05\/PRODUTOS-MARKETPLACE-45-300x300.png",300,300,true],"medium_large":["https:\/\/ravex.com.br\/marketplace\/wp-content\/uploads\/2022\/05\/PRODUTOS-MARKETPLACE-45-768x768.png",768,768,true],"large":["https:\/\/ravex.com.br\/marketplace\/wp-content\/uploads\/2022\/05\/PRODUTOS-MARKETPLACE-45.png",800,800,false],"1536x1536":["https:\/\/ravex.com.br\/marketplace\/wp-content\/uploads\/2022\/05\/PRODUTOS-MARKETPLACE-45.png",800,800,false],"2048x2048":["https:\/\/ravex.com.br\/marketplace\/wp-content\/uploads\/2022\/05\/PRODUTOS-MARKETPLACE-45.png",800,800,false],"trp-custom-language-flag":["https:\/\/ravex.com.br\/marketplace\/wp-content\/uploads\/2022\/05\/PRODUTOS-MARKETPLACE-45.png",12,12,false],"woocommerce_thumbnail":["https:\/\/ravex.com.br\/marketplace\/wp-content\/uploads\/2022\/05\/PRODUTOS-MARKETPLACE-45-300x300.png",300,300,true],"woocommerce_single":["https:\/\/ravex.com.br\/marketplace\/wp-content\/uploads\/2022\/05\/PRODUTOS-MARKETPLACE-45.png",800,800,false],"woocommerce_gallery_thumbnail":["https:\/\/ravex.com.br\/marketplace\/wp-content\/uploads\/2022\/05\/PRODUTOS-MARKETPLACE-45-100x100.png",100,100,true]},"uagb_author_info":{"display_name":"admin","author_link":"https:\/\/ravex.com.br\/marketplace\/author\/"},"uagb_comment_info":0,"uagb_excerpt":"Al\u00e9m da Isca customiz\u00e1vel te dar a liberdade de escolher o tipo de isca ideal para a opera\u00e7\u00e3o (Retorn\u00e1vel ou Descart\u00e1vel), voc\u00ea tamb\u00e9m pode customiz\u00e1-la em qualquer formato e com a menor placa do mercado, tendo a possibilidade de simular produtos. O Ravex Isca \u00e9 uma solu\u00e7\u00e3o completa, desenvolvida para o rastreamento e recupera\u00e7\u00f5es de&hellip;","jetpack_sharing_enabled":true,"_links":{"self":[{"href":"https:\/\/ravex.com.br\/marketplace\/wp-json\/wp\/v2\/product\/205","targetHints":{"allow":["GET"]}}],"collection":[{"href":"https:\/\/ravex.com.br\/marketplace\/wp-json\/wp\/v2\/product"}],"about":[{"href":"https:\/\/ravex.com.br\/marketplace\/wp-json\/wp\/v2\/types\/product"}],"replies":[{"embeddable":true,"href":"https:\/\/ravex.com.br\/marketplace\/wp-json\/wp\/v2\/comments?post=205"}],"wp:featuredmedia":[{"embeddable":true,"href":"https:\/\/ravex.com.br\/marketplace\/wp-json\/wp\/v2\/media\/640"}],"wp:attachment":[{"href":"https:\/\/ravex.com.br\/marketplace\/wp-json\/wp\/v2\/media?parent=205"}],"wp:term":[{"taxonomy":"product_brand","embeddable":true,"href":"https:\/\/ravex.com.br\/marketplace\/wp-json\/wp\/v2\/product_brand?post=205"},{"taxonomy":"product_cat","embeddable":true,"href":"https:\/\/ravex.com.br\/marketplace\/wp-json\/wp\/v2\/product_cat?post=205"},{"taxonomy":"product_tag","embeddable":true,"href":"https:\/\/ravex.com.br\/marketplace\/wp-json\/wp\/v2\/product_tag?post=205"}],"curies":[{"name":"wp","href":"https:\/\/api.w.org\/{rel}","templated":true}]}}